{"id":120,"date":"2022-05-17T14:57:24","date_gmt":"2022-05-17T14:57:24","guid":{"rendered":"https:\/\/demosites.royal-elementor-addons.com\/digital-marketing-agency-v1\/?page_id=120"},"modified":"2024-10-24T16:00:42","modified_gmt":"2024-10-24T21:00:42","slug":"blogs-informativos","status":"publish","type":"page","link":"https:\/\/unidaddemedicinalaboral.com\/?page_id=120","title":{"rendered":"Blogs"},"content":{"rendered":"\t\t<div data-elementor-type=\"wp-page\" data-elementor-id=\"120\" class=\"elementor elementor-120\">\n\t\t\t\t\t\t<section class=\"elementor-section elementor-top-section elementor-element elementor-element-ca09dca elementor-section-height-min-height elementor-section-boxed elementor-section-height-default elementor-section-items-middle wpr-particle-no wpr-jarallax-no wpr-parallax-no wpr-sticky-section-no wpr-equal-height-no\" data-id=\"ca09dca\" data-element_type=\"section\" data-e-type=\"section\" data-settings=\"{&quot;background_background&quot;:&quot;classic&quot;}\">\n\t\t\t\t\t\t<div class=\"elementor-container elementor-column-gap-default\">\n\t\t\t\t\t<div class=\"elementor-column elementor-col-100 elementor-top-column elementor-element elementor-element-1004b7a\" data-id=\"1004b7a\" data-element_type=\"column\" data-e-type=\"column\">\n\t\t\t<div class=\"elementor-widget-wrap elementor-element-populated\">\n\t\t\t\t\t\t<div class=\"elementor-element elementor-element-0e6d81a elementor-widget__width-initial elementor-widget elementor-widget-heading\" data-id=\"0e6d81a\" data-element_type=\"widget\" data-e-type=\"widget\" data-widget_type=\"heading.default\">\n\t\t\t\t<div class=\"elementor-widget-container\">\n\t\t\t\t\t<h2 class=\"elementor-heading-title elementor-size-default\">Blogs<\/h2>\t\t\t\t<\/div>\n\t\t\t\t<\/div>\n\t\t\t\t\t<\/div>\n\t\t<\/div>\n\t\t\t\t\t<\/div>\n\t\t<\/section>\n\t\t\t\t<section class=\"elementor-section elementor-top-section elementor-element elementor-element-84add2b elementor-section-boxed elementor-section-height-default elementor-section-height-default wpr-particle-no wpr-jarallax-no wpr-parallax-no wpr-sticky-section-no wpr-equal-height-no\" data-id=\"84add2b\" data-element_type=\"section\" data-e-type=\"section\">\n\t\t\t\t\t\t<div class=\"elementor-container elementor-column-gap-default\">\n\t\t\t\t\t<div class=\"elementor-column elementor-col-100 elementor-top-column elementor-element elementor-element-41a0c24\" data-id=\"41a0c24\" data-element_type=\"column\" data-e-type=\"column\">\n\t\t\t<div class=\"elementor-widget-wrap elementor-element-populated\">\n\t\t\t\t\t\t<div class=\"elementor-element elementor-element-bc5c700 wpr-grid-columns-3 wpr-grid-columns--tablet2 wpr-grid-columns--mobile1 wpr-grid-pagination-center wpr-item-styles-inner elementor-widget elementor-widget-wpr-grid\" data-id=\"bc5c700\" data-element_type=\"widget\" data-e-type=\"widget\" data-widget_type=\"wpr-grid.default\">\n\t\t\t\t<div class=\"elementor-widget-container\">\n\t\t\t\t\t<ul class=\"wpr-grid-filters elementor-clearfix wpr-grid-filters-sep-right\"><li class=\" wpr-pointer-none wpr-pointer-line-fx wpr-pointer-fx-none\"><span  data-filter=\"*\" class=\"wpr-grid-filters-item wpr-active-filter \">All Posts<\/span><em class=\"wpr-grid-filters-sep\"><\/em><\/li><li class=\" wpr-pointer-none wpr-pointer-line-fx wpr-pointer-fx-none\"><span   data-ajax-filter=[\"category\",\"informativas\"]  data-filter=\".category-informativas\">Informativas<\/span><em class=\"wpr-grid-filters-sep\"><\/em><\/li><li class=\" wpr-pointer-none wpr-pointer-line-fx wpr-pointer-fx-none\"><span   data-ajax-filter=[\"category\",\"medico\"]  data-filter=\".category-medico\">Medico<\/span><em class=\"wpr-grid-filters-sep\"><\/em><\/li><li class=\" wpr-pointer-none wpr-pointer-line-fx wpr-pointer-fx-none\"><span   data-ajax-filter=[\"category\",\"sg-sst\"]  data-filter=\".category-sg-sst\">Seguridad<\/span><em class=\"wpr-grid-filters-sep\"><\/em><\/li><\/ul><section class=\"wpr-grid elementor-clearfix\" data-settings=\"{&quot;layout&quot;:&quot;fitRows&quot;,&quot;stick_last_element_to_bottom&quot;:&quot;&quot;,&quot;columns_desktop&quot;:3,&quot;gutter_hr&quot;:15,&quot;gutter_hr_mobile&quot;:15,&quot;gutter_hr_mobile_extra&quot;:15,&quot;gutter_hr_tablet&quot;:15,&quot;gutter_hr_tablet_extra&quot;:15,&quot;gutter_hr_laptop&quot;:15,&quot;gutter_hr_widescreen&quot;:15,&quot;gutter_vr&quot;:15,&quot;gutter_vr_mobile&quot;:15,&quot;gutter_vr_mobile_extra&quot;:15,&quot;gutter_vr_tablet&quot;:15,&quot;gutter_vr_tablet_extra&quot;:15,&quot;gutter_vr_laptop&quot;:15,&quot;gutter_vr_widescreen&quot;:15,&quot;animation&quot;:&quot;default&quot;,&quot;animation_duration&quot;:0.3,&quot;animation_delay&quot;:0.1,&quot;deeplinking&quot;:&quot;&quot;,&quot;filters_linkable&quot;:&quot;no&quot;,&quot;filters_default_filter&quot;:&quot;&quot;,&quot;filters_count&quot;:&quot;&quot;,&quot;filters_hide_empty&quot;:&quot;no&quot;,&quot;filters_animation&quot;:&quot;default&quot;,&quot;filters_animation_duration&quot;:0.3,&quot;filters_animation_delay&quot;:0.1,&quot;pagination_type&quot;:&quot;load-more&quot;,&quot;pagination_max_pages&quot;:1,&quot;lightbox&quot;:{&quot;selector&quot;:&quot;.wpr-grid-image-wrap&quot;,&quot;iframeMaxWidth&quot;:&quot;60%&quot;,&quot;hash&quot;:false,&quot;autoplay&quot;:&quot;true&quot;,&quot;pause&quot;:5000,&quot;progressBar&quot;:&quot;true&quot;,&quot;counter&quot;:&quot;true&quot;,&quot;controls&quot;:&quot;true&quot;,&quot;getCaptionFromTitleOrAlt&quot;:&quot;true&quot;,&quot;thumbnail&quot;:&quot;&quot;,&quot;showThumbByDefault&quot;:&quot;&quot;,&quot;share&quot;:&quot;&quot;,&quot;zoom&quot;:&quot;true&quot;,&quot;fullScreen&quot;:&quot;true&quot;,&quot;download&quot;:&quot;true&quot;}}\" data-advanced-filters=\"no\"><article class=\"wpr-grid-item elementor-clearfix post-256 post type-post status-publish format-standard has-post-thumbnail hentry category-sg-sst\"><div class=\"wpr-grid-item-inner\"><div class=\"wpr-grid-media-wrap wpr-effect-size-medium \" data-overlay-link=\"yes\"><div class=\"wpr-grid-image-wrap\" data-src=\"https:\/\/unidaddemedicinalaboral.com\/wp-content\/uploads\/2022\/05\/pic-14.jpg\" data-img-on-hover=\"\"  data-src-secondary=\"\"><img decoding=\"async\" data-no-lazy=\"1\" src=\"https:\/\/unidaddemedicinalaboral.com\/wp-content\/uploads\/2022\/05\/pic-14.jpg\" alt=\"\u00bfQu\u00e9 es el SG-SST y por qu\u00e9 es obligatorio en Colombia?\" class=\"wpr-anim-timing-ease-default\"><\/div><div class=\"wpr-grid-media-hover wpr-animation-wrap\"><div class=\"wpr-grid-media-hover-bg  wpr-overlay-fade-in wpr-anim-size-large wpr-anim-timing-ease-default wpr-anim-transparency\" data-url=\"https:\/\/unidaddemedicinalaboral.com\/?p=256\"><\/div><\/div><\/div><div class=\"wpr-grid-item-below-content elementor-clearfix\"><h2 class=\"wpr-grid-item-title elementor-repeater-item-14fc59f wpr-grid-item-display-block wpr-grid-item-align-left wpr-pointer-none wpr-pointer-line-fx wpr-pointer-fx-fade\"><div class=\"inner-block\"><a target=\"_self\"  href=\"https:\/\/unidaddemedicinalaboral.com\/?p=256\">\u00bfQu\u00e9 es el SG-SST y por qu\u00e9 es obligatorio en Colombia?<\/a><\/div><\/h2><div class=\"wpr-grid-item-date elementor-repeater-item-b6fd903 wpr-grid-item-display-inline wpr-grid-item-align-left\"><div class=\"inner-block\"><span>18\/05\/2022<span class=\"wpr-grid-extra-text-right\">\/<\/span><\/span><\/div><\/div><div class=\"wpr-grid-item-comments elementor-repeater-item-d8daaaf wpr-grid-item-display-inline wpr-grid-item-align-left\"><div class=\"inner-block\"><a href=\"https:\/\/unidaddemedicinalaboral.com\/?p=256#respond\"><span>No Comments<\/span><\/a><\/div><\/div><div class=\"wpr-grid-item-excerpt elementor-repeater-item-65a1bc1 wpr-grid-item-display-block wpr-grid-item-align-left\"><div class=\"inner-block\"><p>Knowledge nay estimable questions repulsive daughters boy. Solicitude gay way unaffected expression for. His mistress ladyship required off horrible disposed...<\/p><\/div><\/div><div class=\"wpr-grid-item-read-more elementor-repeater-item-630bedb wpr-grid-item-display-block wpr-grid-item-align-left\"><div class=\"inner-block\"><a target=\"_self\" href=\"https:\/\/unidaddemedicinalaboral.com\/?p=256\" class=\"wpr-button-effect wpr-button-none\"><span>Read More<\/span><\/a><\/div><\/div><\/div><\/div><\/article><article class=\"wpr-grid-item elementor-clearfix post-255 post type-post status-publish format-standard has-post-thumbnail hentry category-medico\"><div class=\"wpr-grid-item-inner\"><div class=\"wpr-grid-media-wrap wpr-effect-size-medium \" data-overlay-link=\"yes\"><div class=\"wpr-grid-image-wrap\" data-src=\"https:\/\/unidaddemedicinalaboral.com\/wp-content\/uploads\/2022\/05\/pic-15.jpg\" data-img-on-hover=\"\"  data-src-secondary=\"\"><img decoding=\"async\" data-no-lazy=\"1\" src=\"https:\/\/unidaddemedicinalaboral.com\/wp-content\/uploads\/2022\/05\/pic-15.jpg\" alt=\"Ex\u00e1menes m\u00e9dicos ocupacionales: \u00bfcu\u00e1les son y cu\u00e1ndo se realizan?\" class=\"wpr-anim-timing-ease-default\"><\/div><div class=\"wpr-grid-media-hover wpr-animation-wrap\"><div class=\"wpr-grid-media-hover-bg  wpr-overlay-fade-in wpr-anim-size-large wpr-anim-timing-ease-default wpr-anim-transparency\" data-url=\"https:\/\/unidaddemedicinalaboral.com\/?p=255\"><\/div><\/div><\/div><div class=\"wpr-grid-item-below-content elementor-clearfix\"><h2 class=\"wpr-grid-item-title elementor-repeater-item-14fc59f wpr-grid-item-display-block wpr-grid-item-align-left wpr-pointer-none wpr-pointer-line-fx wpr-pointer-fx-fade\"><div class=\"inner-block\"><a target=\"_self\"  href=\"https:\/\/unidaddemedicinalaboral.com\/?p=255\">Ex\u00e1menes m\u00e9dicos ocupacionales: \u00bfcu\u00e1les son y cu\u00e1ndo se realizan?<\/a><\/div><\/h2><div class=\"wpr-grid-item-date elementor-repeater-item-b6fd903 wpr-grid-item-display-inline wpr-grid-item-align-left\"><div class=\"inner-block\"><span>18\/05\/2022<span class=\"wpr-grid-extra-text-right\">\/<\/span><\/span><\/div><\/div><div class=\"wpr-grid-item-comments elementor-repeater-item-d8daaaf wpr-grid-item-display-inline wpr-grid-item-align-left\"><div class=\"inner-block\"><a href=\"https:\/\/unidaddemedicinalaboral.com\/?p=255#respond\"><span>No Comments<\/span><\/a><\/div><\/div><div class=\"wpr-grid-item-excerpt elementor-repeater-item-65a1bc1 wpr-grid-item-display-block wpr-grid-item-align-left\"><div class=\"inner-block\"><p>Two before narrow not relied how except moment myself. Dejection assurance mrs led certainly. So gate at no only none...<\/p><\/div><\/div><div class=\"wpr-grid-item-read-more elementor-repeater-item-630bedb wpr-grid-item-display-block wpr-grid-item-align-left\"><div class=\"inner-block\"><a target=\"_self\" href=\"https:\/\/unidaddemedicinalaboral.com\/?p=255\" class=\"wpr-button-effect wpr-button-none\"><span>Read More<\/span><\/a><\/div><\/div><\/div><\/div><\/article><article class=\"wpr-grid-item elementor-clearfix post-254 post type-post status-publish format-standard has-post-thumbnail hentry category-medico\"><div class=\"wpr-grid-item-inner\"><div class=\"wpr-grid-media-wrap wpr-effect-size-medium \" data-overlay-link=\"yes\"><div class=\"wpr-grid-image-wrap\" data-src=\"https:\/\/unidaddemedicinalaboral.com\/wp-content\/uploads\/2022\/05\/pic-13.jpg\" data-img-on-hover=\"\"  data-src-secondary=\"\"><img decoding=\"async\" data-no-lazy=\"1\" src=\"https:\/\/unidaddemedicinalaboral.com\/wp-content\/uploads\/2022\/05\/pic-13.jpg\" alt=\"Se\u00f1ales de alerta de estr\u00e9s laboral\" class=\"wpr-anim-timing-ease-default\"><\/div><div class=\"wpr-grid-media-hover wpr-animation-wrap\"><div class=\"wpr-grid-media-hover-bg  wpr-overlay-fade-in wpr-anim-size-large wpr-anim-timing-ease-default wpr-anim-transparency\" data-url=\"https:\/\/unidaddemedicinalaboral.com\/?p=254\"><\/div><\/div><\/div><div class=\"wpr-grid-item-below-content elementor-clearfix\"><h2 class=\"wpr-grid-item-title elementor-repeater-item-14fc59f wpr-grid-item-display-block wpr-grid-item-align-left wpr-pointer-none wpr-pointer-line-fx wpr-pointer-fx-fade\"><div class=\"inner-block\"><a target=\"_self\"  href=\"https:\/\/unidaddemedicinalaboral.com\/?p=254\">Se\u00f1ales de alerta de estr\u00e9s laboral<\/a><\/div><\/h2><div class=\"wpr-grid-item-date elementor-repeater-item-b6fd903 wpr-grid-item-display-inline wpr-grid-item-align-left\"><div class=\"inner-block\"><span>18\/05\/2022<span class=\"wpr-grid-extra-text-right\">\/<\/span><\/span><\/div><\/div><div class=\"wpr-grid-item-comments elementor-repeater-item-d8daaaf wpr-grid-item-display-inline wpr-grid-item-align-left\"><div class=\"inner-block\"><a href=\"https:\/\/unidaddemedicinalaboral.com\/?p=254#respond\"><span>No Comments<\/span><\/a><\/div><\/div><div class=\"wpr-grid-item-excerpt elementor-repeater-item-65a1bc1 wpr-grid-item-display-block wpr-grid-item-align-left\"><div class=\"inner-block\"><p>Bringing so sociable felicity supplied mr. September suspicion far him two acuteness perfectly. Covered as an examine so regular of....<\/p><\/div><\/div><div class=\"wpr-grid-item-read-more elementor-repeater-item-630bedb wpr-grid-item-display-block wpr-grid-item-align-left\"><div class=\"inner-block\"><a target=\"_self\" href=\"https:\/\/unidaddemedicinalaboral.com\/?p=254\" class=\"wpr-button-effect wpr-button-none\"><span>Read More<\/span><\/a><\/div><\/div><\/div><\/div><\/article><article class=\"wpr-grid-item elementor-clearfix post-253 post type-post status-publish format-standard has-post-thumbnail hentry category-informativas\"><div class=\"wpr-grid-item-inner\"><div class=\"wpr-grid-media-wrap wpr-effect-size-medium \" data-overlay-link=\"yes\"><div class=\"wpr-grid-image-wrap\" data-src=\"https:\/\/unidaddemedicinalaboral.com\/wp-content\/uploads\/2022\/05\/pic-12.jpg\" data-img-on-hover=\"\"  data-src-secondary=\"\"><img decoding=\"async\" data-no-lazy=\"1\" src=\"https:\/\/unidaddemedicinalaboral.com\/wp-content\/uploads\/2022\/05\/pic-12.jpg\" alt=\"Ergonom\u00eda en el trabajo: gu\u00eda pr\u00e1ctica\" class=\"wpr-anim-timing-ease-default\"><\/div><div class=\"wpr-grid-media-hover wpr-animation-wrap\"><div class=\"wpr-grid-media-hover-bg  wpr-overlay-fade-in wpr-anim-size-large wpr-anim-timing-ease-default wpr-anim-transparency\" data-url=\"https:\/\/unidaddemedicinalaboral.com\/?p=253\"><\/div><\/div><\/div><div class=\"wpr-grid-item-below-content elementor-clearfix\"><h2 class=\"wpr-grid-item-title elementor-repeater-item-14fc59f wpr-grid-item-display-block wpr-grid-item-align-left wpr-pointer-none wpr-pointer-line-fx wpr-pointer-fx-fade\"><div class=\"inner-block\"><a target=\"_self\"  href=\"https:\/\/unidaddemedicinalaboral.com\/?p=253\">Ergonom\u00eda en el trabajo: gu\u00eda pr\u00e1ctica<\/a><\/div><\/h2><div class=\"wpr-grid-item-date elementor-repeater-item-b6fd903 wpr-grid-item-display-inline wpr-grid-item-align-left\"><div class=\"inner-block\"><span>18\/05\/2022<span class=\"wpr-grid-extra-text-right\">\/<\/span><\/span><\/div><\/div><div class=\"wpr-grid-item-comments elementor-repeater-item-d8daaaf wpr-grid-item-display-inline wpr-grid-item-align-left\"><div class=\"inner-block\"><a href=\"https:\/\/unidaddemedicinalaboral.com\/?p=253#respond\"><span>No Comments<\/span><\/a><\/div><\/div><div class=\"wpr-grid-item-excerpt elementor-repeater-item-65a1bc1 wpr-grid-item-display-block wpr-grid-item-align-left\"><div class=\"inner-block\"><p>Acceptance middletons me if discretion boisterous travelling an. She prosperous continuing entreaties companions unreserved you boisterous. Middleton sportsmen sir now...<\/p><\/div><\/div><div class=\"wpr-grid-item-read-more elementor-repeater-item-630bedb wpr-grid-item-display-block wpr-grid-item-align-left\"><div class=\"inner-block\"><a target=\"_self\" href=\"https:\/\/unidaddemedicinalaboral.com\/?p=253\" class=\"wpr-button-effect wpr-button-none\"><span>Read More<\/span><\/a><\/div><\/div><\/div><\/div><\/article><article class=\"wpr-grid-item elementor-clearfix post-252 post type-post status-publish format-standard has-post-thumbnail hentry category-sg-sst\"><div class=\"wpr-grid-item-inner\"><div class=\"wpr-grid-media-wrap wpr-effect-size-medium \" data-overlay-link=\"yes\"><div class=\"wpr-grid-image-wrap\" data-src=\"https:\/\/unidaddemedicinalaboral.com\/wp-content\/uploads\/2022\/05\/pic-11.jpg\" data-img-on-hover=\"\"  data-src-secondary=\"\"><img decoding=\"async\" data-no-lazy=\"1\" src=\"https:\/\/unidaddemedicinalaboral.com\/wp-content\/uploads\/2022\/05\/pic-11.jpg\" alt=\"Importancia de los EPP en el trabajo\" class=\"wpr-anim-timing-ease-default\"><\/div><div class=\"wpr-grid-media-hover wpr-animation-wrap\"><div class=\"wpr-grid-media-hover-bg  wpr-overlay-fade-in wpr-anim-size-large wpr-anim-timing-ease-default wpr-anim-transparency\" data-url=\"https:\/\/unidaddemedicinalaboral.com\/?p=252\"><\/div><\/div><\/div><div class=\"wpr-grid-item-below-content elementor-clearfix\"><h2 class=\"wpr-grid-item-title elementor-repeater-item-14fc59f wpr-grid-item-display-block wpr-grid-item-align-left wpr-pointer-none wpr-pointer-line-fx wpr-pointer-fx-fade\"><div class=\"inner-block\"><a target=\"_self\"  href=\"https:\/\/unidaddemedicinalaboral.com\/?p=252\">Importancia de los EPP en el trabajo<\/a><\/div><\/h2><div class=\"wpr-grid-item-date elementor-repeater-item-b6fd903 wpr-grid-item-display-inline wpr-grid-item-align-left\"><div class=\"inner-block\"><span>18\/05\/2022<span class=\"wpr-grid-extra-text-right\">\/<\/span><\/span><\/div><\/div><div class=\"wpr-grid-item-comments elementor-repeater-item-d8daaaf wpr-grid-item-display-inline wpr-grid-item-align-left\"><div class=\"inner-block\"><a href=\"https:\/\/unidaddemedicinalaboral.com\/?p=252#respond\"><span>No Comments<\/span><\/a><\/div><\/div><div class=\"wpr-grid-item-excerpt elementor-repeater-item-65a1bc1 wpr-grid-item-display-block wpr-grid-item-align-left\"><div class=\"inner-block\"><p>Ought these are balls place mrs their times add she. Taken no great widow spoke of it small. Genius use...<\/p><\/div><\/div><div class=\"wpr-grid-item-read-more elementor-repeater-item-630bedb wpr-grid-item-display-block wpr-grid-item-align-left\"><div class=\"inner-block\"><a target=\"_self\" href=\"https:\/\/unidaddemedicinalaboral.com\/?p=252\" class=\"wpr-button-effect wpr-button-none\"><span>Read More<\/span><\/a><\/div><\/div><\/div><\/div><\/article><article class=\"wpr-grid-item elementor-clearfix post-244 post type-post status-publish format-standard has-post-thumbnail hentry category-informativas\"><div class=\"wpr-grid-item-inner\"><div class=\"wpr-grid-media-wrap wpr-effect-size-medium \" data-overlay-link=\"yes\"><div class=\"wpr-grid-image-wrap\" data-src=\"https:\/\/unidaddemedicinalaboral.com\/wp-content\/uploads\/2022\/05\/pic-16.jpg\" data-img-on-hover=\"\"  data-src-secondary=\"\"><img decoding=\"async\" data-no-lazy=\"1\" src=\"https:\/\/unidaddemedicinalaboral.com\/wp-content\/uploads\/2022\/05\/pic-16.jpg\" alt=\"Inspecciones de seguridad: claves para empresas\" class=\"wpr-anim-timing-ease-default\"><\/div><div class=\"wpr-grid-media-hover wpr-animation-wrap\"><div class=\"wpr-grid-media-hover-bg  wpr-overlay-fade-in wpr-anim-size-large wpr-anim-timing-ease-default wpr-anim-transparency\" data-url=\"https:\/\/unidaddemedicinalaboral.com\/?p=244\"><\/div><\/div><\/div><div class=\"wpr-grid-item-below-content elementor-clearfix\"><h2 class=\"wpr-grid-item-title elementor-repeater-item-14fc59f wpr-grid-item-display-block wpr-grid-item-align-left wpr-pointer-none wpr-pointer-line-fx wpr-pointer-fx-fade\"><div class=\"inner-block\"><a target=\"_self\"  href=\"https:\/\/unidaddemedicinalaboral.com\/?p=244\">Inspecciones de seguridad: claves para empresas<\/a><\/div><\/h2><div class=\"wpr-grid-item-date elementor-repeater-item-b6fd903 wpr-grid-item-display-inline wpr-grid-item-align-left\"><div class=\"inner-block\"><span>18\/05\/2022<span class=\"wpr-grid-extra-text-right\">\/<\/span><\/span><\/div><\/div><div class=\"wpr-grid-item-comments elementor-repeater-item-d8daaaf wpr-grid-item-display-inline wpr-grid-item-align-left\"><div class=\"inner-block\"><a href=\"https:\/\/unidaddemedicinalaboral.com\/?p=244#respond\"><span>No Comments<\/span><\/a><\/div><\/div><div class=\"wpr-grid-item-excerpt elementor-repeater-item-65a1bc1 wpr-grid-item-display-block wpr-grid-item-align-left\"><div class=\"inner-block\"><p>Brother set had private his letters observe outward resolve. Shutters ye marriage to throwing we as. Effect in if agreed...<\/p><\/div><\/div><div class=\"wpr-grid-item-read-more elementor-repeater-item-630bedb wpr-grid-item-display-block wpr-grid-item-align-left\"><div class=\"inner-block\"><a target=\"_self\" href=\"https:\/\/unidaddemedicinalaboral.com\/?p=244\" class=\"wpr-button-effect wpr-button-none\"><span>Read More<\/span><\/a><\/div><\/div><\/div><\/div><\/article><\/section>\t\t\t\t<\/div>\n\t\t\t\t<\/div>\n\t\t\t\t\t<\/div>\n\t\t<\/div>\n\t\t\t\t\t<\/div>\n\t\t<\/section>\n\t\t\t\t<\/div>\n\t\t","protected":false},"excerpt":{"rendered":"<p>Blogs All Posts item3 Laboratorio1 Medicina1 Titulo A1 18\/05\/2022\/No Comments Knowledge nay estimable questions repulsive daughters boy. Solicitude gay way unaffected expression for. His mistress ladyship required off horrible disposed&hellip; Read More Titulo A2 18\/05\/2022\/No Comments Two before narrow not relied how except moment myself. Dejection assurance mrs led certainly. So gate at no only none&hellip; Read More Titulo A3 18\/05\/2022\/No Comments Bringing so sociable felicity supplied mr. September suspicion far him two acuteness perfectly. Covered as an examine so regular of.&hellip; Read More Titulo A4 18\/05\/2022\/No Comments Acceptance middletons me if discretion boisterous travelling an. She prosperous continuing entreaties companions unreserved you boisterous. Middleton sportsmen sir now&hellip; Read More Titulo A5 18\/05\/2022\/No Comments Ought these are balls place mrs their times add she. Taken no great widow spoke of it small. Genius use&hellip; Read More Titulo A 6 18\/05\/2022\/No Comments Brother set had private his letters observe outward resolve. Shutters ye marriage to throwing we as. Effect in if agreed&hellip; Read More<\/p>\n","protected":false},"author":1,"featured_media":0,"parent":0,"menu_order":0,"comment_status":"closed","ping_status":"closed","template":"elementor_canvas","meta":{"footnotes":""},"class_list":["post-120","page","type-page","status-publish","hentry"],"_links":{"self":[{"href":"https:\/\/unidaddemedicinalaboral.com\/index.php?rest_route=\/wp\/v2\/pages\/120","targetHints":{"allow":["GET"]}}],"collection":[{"href":"https:\/\/unidaddemedicinalaboral.com\/index.php?rest_route=\/wp\/v2\/pages"}],"about":[{"href":"https:\/\/unidaddemedicinalaboral.com\/index.php?rest_route=\/wp\/v2\/types\/page"}],"author":[{"embeddable":true,"href":"https:\/\/unidaddemedicinalaboral.com\/index.php?rest_route=\/wp\/v2\/users\/1"}],"replies":[{"embeddable":true,"href":"https:\/\/unidaddemedicinalaboral.com\/index.php?rest_route=%2Fwp%2Fv2%2Fcomments&post=120"}],"version-history":[{"count":16,"href":"https:\/\/unidaddemedicinalaboral.com\/index.php?rest_route=\/wp\/v2\/pages\/120\/revisions"}],"predecessor-version":[{"id":1885,"href":"https:\/\/unidaddemedicinalaboral.com\/index.php?rest_route=\/wp\/v2\/pages\/120\/revisions\/1885"}],"wp:attachment":[{"href":"https:\/\/unidaddemedicinalaboral.com\/index.php?rest_route=%2Fwp%2Fv2%2Fmedia&parent=120"}],"curies":[{"name":"wp","href":"https:\/\/api.w.org\/{rel}","templated":true}]}}